{"id":35,"date":"2021-12-05T17:59:29","date_gmt":"2021-12-05T17:59:29","guid":{"rendered":"https:\/\/iwavenet.eu\/?page_id=35"},"modified":"2023-02-15T22:38:17","modified_gmt":"2023-02-15T22:38:17","slug":"the-project","status":"publish","type":"page","link":"https:\/\/iwavenet.eu\/it\/the-project\/","title":{"rendered":"Sintesi del progetto"},"content":{"rendered":"<h2 class=\"wp-block-heading\">WP1 - Gestione e coordinamento <\/h2>\n\n\n\n<p>Le attivit\u00e0 di gestione ed amministrazione del progetto sono ottemperate tramite la seguente struttura decisionale costituita dal <strong>Responsabile di Progetto (PM-UNIPA)<\/strong>), supportato dalla segreteria di progetto e da un <strong>Focal Point Maltese (FP-UM)<\/strong> con il compito di ottimizzare l\u2019interazione diretta con i partner maltesi. <\/p>\n\n\n\n<p>I compiti del <strong>PM-UNIPA<\/strong> sono:<\/p>\n\n\n\n<ul class=\"wp-block-list\">\n<li>la supervisione del progetto a garanzia degli aspetti amministrativi, finanziari e tecnici ed il contatto diretto con l'Autorit\u00e0 di Gestione (AdG);<\/li>\n\n\n\n<li>il controllo delle attivit\u00e0 progettuali, sulla base delle decisioni del Comitato di Pilotaggio del Progetto (PSC) e delle indicazioni del Comitato Tecnico-operativo del Progetto; <\/li>\n\n\n\n<li>la gestione delle eventuali variazioni di progetto nel rispetto delle regole del programma con il supporto del Responsabile finanziario;<\/li>\n\n\n\n<li>le produzioni delle relazioni progettuali con il supporto dei Coordinatori Tecnici dei WP.<\/li>\n<\/ul>\n\n\n\n<p>Il <strong>Coordinatore Tecnico (CT)<\/strong> \u00e9 nominato all\u2019interno di ciascun partner ed ha il compito di coordinare le attivit\u00e0 affidate al singolo Beneficiario e partecipare al Comitato Tecnico-operativo del progetto al fine di armonizzare l\u2019attuazione dei WP affidati. <\/p>\n\n\n\n<p>Il <strong>Responsabile finanziario (UNIPA)<\/strong> controlla l\u2019avanzamento della spesa al livello di progetto in relazione al cronoprogramma e garantisce il rispetto del finanziamento approvato e delle linee guida del programma. Nello specifico si occupa di monitorare i costi al fine di rilevare eventuali deviazioni dal piano finanziario, supervisionare le rendicontazioni e preparare le domande di rimborso, controllare la correttezza nelle eventuali variazioni di bilancio.<\/p>\n\n\n\n<p>Il <strong>Comitato di Pilotaggio di Progetto (PSC)<\/strong>, presieduto dal PM, \u00e8 composto dai rappresentanti dei partner e dal responsabile finanziario ed ha il compito di elaborare le strategie di attuazione, valutandone il rischio e definendo le procedure pi\u00f9 efficaci. Un ulteriore compito \u00e8 quello di ottimizzare la cooperazione tra i partner, promuovendo la condivisione delle responsabilit\u00e0 attraverso decisioni unanimi ed attuando il processo decisionale sulla base della massimizzazione del consenso.<\/p>\n\n\n\n<p>Il <strong>Comitato Tecnico-operativo del Progetto (ToC)<\/strong>, presieduto dal <strong>PM-UNIPA<\/strong>, e co-presieduto dal FP-UM, \u00e8 composto dai Coordinatori Tecnici dei WP e si occupa dell\u2019armonizzazione della attuazione tecnica e operativa delle attivit\u00e0, del raggiungimento dei relativi deliverables e del monitoraggio dell\u2019avanzamento fisico dei singoli WP. <\/p>\n\n\n\n<hr class=\"wp-block-separator has-css-opacity\"\/>\n\n\n\n<h2 class=\"wp-block-heading\">WP2 - Comunicazione<\/h2>\n\n\n\n<p>La comunicazione \u00e8 un task gestito dal <strong>Lead Partner UNIPA<\/strong> grazie alla collaborazione dell\u2019intero partenariato che partecipa attivamente alla disseminazione e divulgazione delle attivit\u00e0 di progetto.<\/p>\n\n\n\n<p>Il mezzo di comunicazione principale di i-waveNET \u00e8 il <strong>Portale Web<\/strong> strutturato adeguatamente per garantire l\u2019interoperabilit\u00e0 fra dispositivi e software e per una gestione dinamica dei contenuti.<\/p>\n\n\n\n<p>L\u2019organizzazione a livelli consente, oltre ad un'area pubblica, la realizzazione di aree riservate per facilitare i partner di progetto, con accessi e contenuti differenziati per i diversi gruppi target. Inoltre, il progetto prevede la realizzazione di un manuale per utenti al fine di permettere una maggiore fruibilit\u00e0 del sito.<\/p>\n\n\n\n<hr class=\"wp-block-separator has-css-opacity\"\/>\n\n\n\n<h2 class=\"wp-block-heading\">WP3 - Implementazione di reti osservative  <\/h2>\n\n\n\n<p>Il WP3 include le attivit\u00e0 di <strong>potenziamento delle reti osservative<\/strong> gi\u00e0 operanti nel canale di Sicilia nonch\u00e9 <strong>l\u2019installazione di nuovi sistemi di osservazione<\/strong>.<\/p>\n\n\n\n<p>Si prevede il potenziamento di un radar HF costiero a tecnologia beamforming (WERA) che, grazie alle collaborazioni scientifiche pregresse tra UNIPA, CNR e l\u2019istituto OGS (Istituto Nazionale di Oceanografia e di Geofisica Sperimentale), \u00e8 stato installato a Torretta Granitola (TP) presso la sede del CNR - IAS - Unit\u00e0 Operativa di Capo Granitola. Tale sistema fornisce, da Aprile 2018 ad oggi, dati di altezza d\u2019onda significativa distribuiti su un dominio spaziale di pi\u00f9 di 2.000 km<sup>2<\/sup> (scala 1,5 km, cadenza temporale 5 minuti) a largo delle coste siciliane.<\/p>\n\n\n\n<p>Si intende implementare anche un <strong>sistema integrato di monitoraggio in tempo reale del moto ondoso<\/strong> tramite sensori sismici o microseism, installati nelle aree costiere monitorate dagli HF radar e dalle boe ondametriche. Per realizzare tale sistema di monitoraggio, vengono usati sia i dati registrati dalle stazioni sismiche broadband appartenenti alle reti permanenti gi\u00e0 esistenti e gestite da INGV e da UM sia i dati acquisiti dai sismometri installati nell\u2019ambito del WP3 nei siti equipaggiati con i sistemi HF.<\/p>\n\n\n\n<p>Di seguito l\u2019elenco dei sistemi di nuova istallazione:<\/p>\n\n\n\n<ul class=\"wp-block-list\" type=\"1\">\n<li>un sistema HF a tecnologia direction finding (CODAR) installato nei pressi dell\u2019area di operativit\u00e0 del sistema WERA di Torretta Granitola;<\/li>\n\n\n\n<li>una nuova boa ondametrica direzionale ormeggiata a largo di Marina di Ragusa in un punto prossimo al dominio del sistema CALYPSO;<\/li>\n\n\n\n<li>una nuova boa ondametrica direzionale installata a largo di Mazara del Vallo;<\/li>\n\n\n\n<li>una boa ondametrica direzionale sul lato maltese (operazionale) ed una stazione di misura pi\u00f9 vicina alla costa (delayed mode);<\/li>\n\n\n\n<li>una sonda parametrica di fondo e una stazione meteo\/mareografica in Sicilia;<\/li>\n\n\n\n<li>sismometri broadband a tre componenti co-localizzati con i sistemi HF.<\/li>\n<\/ul>\n\n\n\n<hr class=\"wp-block-separator has-css-opacity\"\/>\n\n\n\n<h2 class=\"wp-block-heading\">WP4 - Integrazione e omogeneizzazione di dati osservati<\/h2>\n\n\n\n<p>Il WP4 ha come obiettivo <strong>l\u2019integrazione e l\u2019omogeneizzione  dei dati<\/strong> provenienti sia da strumenti gi\u00e0 esistenti nel Canale di Sicilia sia da installare nell\u2019ambito di questo progetto. Ci\u00f2 permette di produrre un dataset omogeneo di dati proveniente dalla rete integrata di osservazione dello stato fisico del mare. Tale rete \u00e8 incentrata sull\u2019acquisizione di dati da sistemi fissi (boe ondametriche, ACDP), da misure telerilevate (radar HF, microseism, altimetri e SAR) e dalla loro integrazione nella componente modellistica per il monitoraggio e la previsione dello stato del mare (WAM, WAVEWATCH III, SWAN).<\/p>\n\n\n\n<p>Nel tratto di mare tra la Sicilia e Malta, alcuni partner di progetto hanno gi\u00e0 installato e\nstanno mantenendo operativi sistemi di misura delle onde marine e delle correnti\nsuperficiali.<\/p>\n\n\n\n<p>La rete osservativa <strong>HF CALYPSO<\/strong>, operante nel canale di Sicilia fornisce <strong>dati di correnti marine superficiali<\/strong> (dati orari alla scala spaziale di 3 km) e <strong>dati di onde<\/strong> (dati semi orari relativi all\u2019altezza significativa, al periodo e alla direzione di provenienza) su un numero potenziale di 40 punti di indagine nel tratto di mare tra la Sicilia e Malta.<\/p>\n\n\n\n<p>A largo delle coste di Mazara del Vallo \u00e8 invece operante un sistema <strong>HF WERA<\/strong> che\ndall\u2019Aprile 2018 fornisce <strong>dati distribuiti di altezza d\u2019onda<\/strong> con cadenza temporale di 5 min ed alla scala spaziale di 1,5 km su un dominio di pi\u00f9 di 5.000 km<sup>2<\/sup>.<\/p>\n\n\n\n<p>Le attivit\u00e0 del WP3 consentono pertanto di incrementare l\u2019area di osservazione tramite la creazione di una rete mista CODAR-WERA, l\u2019installazione di una boa nuova ondametrica e di sismometri. Tutti i dati di nuova acquisizione vengono resi omogenei e integrati a quelli gi\u00e0 acquisiti al fine di <strong>implementare una nuova rete osservativa multi-\nstrumentale<\/strong>.<\/p>\n\n\n\n<p>Si prevede pertanto di realizzare un sistema di osservazione migliorato sia spazialmente sia temporalmente con lo scopo di <strong>fornire in modo pi\u00f9 efficiente il supporto operativo per le amministrazioni territoriali,<\/strong>, garantendo agli stakeholder dati utili al supporto delle decisioni relative alle misure di del rischio da eventi estremi collegati ai cambiamenti climatici.<\/p>\n\n\n\n<p>L&#039;integrazione strumentale e la costituzione di una rete di misure, permette di passare <strong>dalla filosofia del monitoraggio<\/strong> (semplice acquisizione di misure ripetute nel tempo) <strong>a quella di sistema<\/strong>intesa come capacit\u00e0 di analisi integrata delle misure, alla luce di un approccio multidisciplinare.<\/p>\n\n\n\n<p>Per tale motivo le misure provenienti dalle diverse strumentazioni in campo sono omogeneizzate, definendo una metrica comune, che possa renderle confrontabili e interoperabili.<\/p>\n\n\n\n<hr class=\"wp-block-separator has-css-opacity\"\/>\n\n\n\n<h2 class=\"wp-block-heading\">WP5 - Implementazione del sistema di supporto alle decisioni  <\/h2>\n\n\n\n<p>Questo WP mira a combinare i risultati ottenuti nell\u2019implementazione del WP3 e WP4, con\nlo scopo di <strong>fornire prodotti e servizi a diversi stakeholders<\/strong>.<\/p>\n\n\n\n<p>A parte il necessario lavoro tecnico per la sua realizzazione, questa attivit\u00e0 comprende\nl\u2019interazione con gli utilizzatori finali per identificare i problemi (nazionali e transfrontalieri)\ne le relative soluzioni necessarie. In questo contesto il Decision Support System-DSS \u00e8 lo\nstrumento necessario per trovare le souzioni richieste. Questo WP capitalizza i risultati dei\nprogetti precedenti, mediante il trasferimento di conoscenze ed infrastrutture usate per il\nmonitoraggio dell\u2019ambiente marino sia in Sicilia sia nell\u2019arcipelago maltese, al fine di\nintegrare e migliorare le osservazioni del mare e delle aree marine vicino alla costa.<\/p>\n\n\n\n<p><strong>Il DSS costituisce una piattaforma dove i dati e i prodotti saranno integrati per\nfornire servizi a tutti gli utenti interessati.<\/strong><\/p>\n\n\n\n<p>Gli obiettivi per la realizzazione del DSS comprendono:<\/p>\n\n\n\n<ul class=\"wp-block-list\">\n<li>l\u2019utilizzo dei dati nella catena operativa seguendo standard internazionali; <\/li>\n\n\n\n<li>un\u2019interfaccia internet intuitiva che permetter\u00e0 una efficace fruizione del DSS da\nparte degli utenti.<\/li>\n<\/ul>\n\n\n\n<p>Il DSS fornisce perntanto il supporto alle decisioni degli stakeholders sia durante le\noperazioni di routine sia nell\u2019assunzione di strategiche decisioni legate all\u2019analisi dei rischi\nconnessi al verificarsi di situazioni di emergenza.<\/p>\n\n\n\n<p>Questo WP \u00e8 gestito da UM (PP6) in virt\u00f9 delle pregresse esperienze nel campo\ndell\u2019acquisizione dei dati marini, della modellazione e della implementazione di servizi di previsione per il canale di Sicilia. Il PP6, in collaborazione con il capofila e con gli altri partner, guida la progettazione, lo sviluppo e l\u2019implementazione del DSS che costituisce il punto di accesso ai dati da parte dei beneficiari e della autorit\u00e0 preposte.<\/p>\n\n\n\n<p>All\u2019interno del DSS sono sviluppati e integrati <strong>nuovi servizi<\/strong> quali la <strong>zonazione dello stato del mare<\/strong> e delle relative condizioni climatologiche al fine di supportare una sicura navigazione e fornire uno strumento che possa contribuire a controllare e regolamentare le operazioni relative al traffico marittimo. L\u2019 <strong>implementazione di modelli meteo,\nidrodinamici e di moto ondoso<\/strong> ad altissima definizione contribuiscono alla risoluzione di problematiche in aree costiere come i processi erosivi, nonch\u00e9 i problemi di allagamento dovuti agli eventi estremi (cambiamenti della linea di costa).<\/p>\n\n\n\n<p>Grazie al partner, Transport Malta - TM si includono nel DSS i dati relativi alle rotte di\nnavigazione sia attuali che pianificate, suggerendo le opportune dimensioni delle aree di zonazione del clima marino, sia in base delle esigenze presenti che future.<\/p>\n\n\n\n<p>Questi ultimi sono elementi chiave da considerare nella valutazione di potenziali ricadute sull\u2019ambiente marino-costiero, specie nell\u2019ottica della nota <strong>Marine Strategy Framework Directive<\/strong>. <\/p>","protected":false},"excerpt":{"rendered":"<p>WP1 &#8211; Management and coordination Project management and administration activities are implemented through the following decision-making structure constituted of The Project Manager (PM-UNIPA), supported by the project secretariat and a Maltese Focal Point (FP-UM) tasked with optimizing direct interaction with the Maltese partners. The tasks of PM-UNIPA are: The Technical Coordinator (CT) is appointed within &hellip; <\/p>\n<p class=\"link-more\"><a href=\"https:\/\/iwavenet.eu\/it\/the-project\/\" class=\"more-link\">Leggi tutto<span class=\"screen-reader-text\"> &#8220;The Project&#8221;<\/span><\/a><\/p>","protected":false},"author":1,"featured_media":0,"parent":0,"menu_order":0,"comment_status":"closed","ping_status":"closed","template":"","meta":{"footnotes":""},"class_list":["post-35","page","type-page","status-publish","hentry"],"_links":{"self":[{"href":"https:\/\/iwavenet.eu\/it\/wp-json\/wp\/v2\/pages\/35","targetHints":{"allow":["GET"]}}],"collection":[{"href":"https:\/\/iwavenet.eu\/it\/wp-json\/wp\/v2\/pages"}],"about":[{"href":"https:\/\/iwavenet.eu\/it\/wp-json\/wp\/v2\/types\/page"}],"author":[{"embeddable":true,"href":"https:\/\/iwavenet.eu\/it\/wp-json\/wp\/v2\/users\/1"}],"replies":[{"embeddable":true,"href":"https:\/\/iwavenet.eu\/it\/wp-json\/wp\/v2\/comments?post=35"}],"version-history":[{"count":22,"href":"https:\/\/iwavenet.eu\/it\/wp-json\/wp\/v2\/pages\/35\/revisions"}],"predecessor-version":[{"id":311,"href":"https:\/\/iwavenet.eu\/it\/wp-json\/wp\/v2\/pages\/35\/revisions\/311"}],"wp:attachment":[{"href":"https:\/\/iwavenet.eu\/it\/wp-json\/wp\/v2\/media?parent=35"}],"curies":[{"name":"wp","href":"https:\/\/api.w.org\/{rel}","templated":true}]}}